{"id":2,"date":"2012-01-01T09:16:11","date_gmt":"2012-01-01T08:16:11","guid":{"rendered":"http:\/\/jielu.de\/?page_id=2"},"modified":"2022-11-30T12:27:06","modified_gmt":"2022-11-30T11:27:06","slug":"eine-seite","status":"publish","type":"page","link":"https:\/\/jielu.de\/","title":{"rendered":"\u00dcber sie \/ About her"},"content":{"rendered":"<p><a href=\"https:\/\/jielu.de\/?attachment_id=365\" rel=\"attachment wp-att-365\"><img decoding=\"async\" loading=\"lazy\" class=\"alignnone size-large wp-image-365\" title=\"USA\" src=\"https:\/\/jielu.de\/wp-content\/uploads\/USA-494x323.jpg\" alt=\"\" width=\"494\" height=\"323\" srcset=\"https:\/\/jielu.de\/wp-content\/uploads\/USA-494x323.jpg 494w, https:\/\/jielu.de\/wp-content\/uploads\/USA-288x188.jpg 288w, https:\/\/jielu.de\/wp-content\/uploads\/USA-800x523.jpg 800w\" sizes=\"(max-width: 494px) 100vw, 494px\" \/><\/a><\/p>\n<p><a href=\"https:\/\/jielu.de\/?attachment_id=305\" rel=\"attachment wp-att-305\">\u00a0<\/a><\/p>\n<p>Jie Lu, wurde in Urumqi, China, geboren. Sie studierte Drehbuch und Regie in Beijing und erwarb im Anschluss ein Diplom mit dem Schwerpunkt Analoganimation an der Kunsthochschule f\u00fcr Medien in K\u00f6ln. Ihre Produktionsfirma Studio DREI bringt seit 2010 kreative Ideen auf die Leinwand. Mit ihren eigenen und mit von ihr produzierten Filmen ist sie regelm\u00e4\u00dfig Gast auf internationalen Filmfestivals und wurde mehrfach ausgezeichnet.<\/p>\n<p>Es ist Ihr ein Anliegen, kulturelle Br\u00fccken zwischen China und Deutschland zu bauen und so ist sie vielgefragte Ansprechpartnerin f\u00fcr Filmschaffende aus beiden L\u00e4ndern. Kunden verlassen sich auch bei anspruchsvollsten Produktionen auf ihr Know-How und ihr internationales Netzwerk .<\/p>\n<p>Jie Lu lebt und arbeitet in Mannheim . Neben ihrer Filmt\u00e4tigkeit schreibt sie derzeit an einem Essay-Kochbuch.<\/p>\n<p>&nbsp;<\/p>\n<p>Jie Lu was born in Urumqi, China. After having studied Directing in Beijing, she moved to Cologne in 2005 to sunbathe her shadow from the other side. Due to the culture gap between China and Germany she made quite a lot of mistakes in language and thinking. But those funny mistakes proved to be clever and gave her projects a unique touch. Jie Lu has finished her degree at the Kunsthochschule f\u00fcr Medien in Cologne in 2011and has founded \u2013 with the help of a scholarship from AV Gr\u00fcnderzentrum her own animation studio \u201eStudio DREI\u201c in the south of Cologne in 2012. Further remarks can be found in her book \u201eTagebuch einer Seife\u201c (\u201eDiary of a Soap\u201c).<\/p>\n","protected":false},"excerpt":{"rendered":"<p>\u00a0 Jie Lu, wurde in Urumqi, China, geboren. Sie studierte Drehbuch und Regie in Beijing und erwarb im Anschluss ein Diplom mit dem Schwerpunkt Analoganimation an der Kunsthochschule f\u00fcr Medien in K\u00f6ln. Ihre Produktionsfirma Studio DREI bringt seit 2010 kreative &hellip; <a href=\"https:\/\/jielu.de\/\">Continue reading <span class=\"meta-nav\">&rarr;<\/span><\/a><\/p>\n","protected":false},"author":1,"featured_media":0,"parent":0,"menu_order":0,"comment_status":"closed","ping_status":"closed","template":"","meta":{"footnotes":""},"_links":{"self":[{"href":"https:\/\/jielu.de\/index.php?rest_route=\/wp\/v2\/pages\/2"}],"collection":[{"href":"https:\/\/jielu.de\/index.php?rest_route=\/wp\/v2\/pages"}],"about":[{"href":"https:\/\/jielu.de\/index.php?rest_route=\/wp\/v2\/types\/page"}],"author":[{"embeddable":true,"href":"https:\/\/jielu.de\/index.php?rest_route=\/wp\/v2\/users\/1"}],"replies":[{"embeddable":true,"href":"https:\/\/jielu.de\/index.php?rest_route=%2Fwp%2Fv2%2Fcomments&post=2"}],"version-history":[{"count":18,"href":"https:\/\/jielu.de\/index.php?rest_route=\/wp\/v2\/pages\/2\/revisions"}],"predecessor-version":[{"id":947,"href":"https:\/\/jielu.de\/index.php?rest_route=\/wp\/v2\/pages\/2\/revisions\/947"}],"wp:attachment":[{"href":"https:\/\/jielu.de\/index.php?rest_route=%2Fwp%2Fv2%2Fmedia&parent=2"}],"curies":[{"name":"wp","href":"https:\/\/api.w.org\/{rel}","templated":true}]}}